{"id":2180,"date":"2019-04-23T21:43:10","date_gmt":"2019-04-23T19:43:10","guid":{"rendered":"http:\/\/www.mogt.be\/?page_id=2180"},"modified":"2022-12-20T13:04:52","modified_gmt":"2022-12-20T12:04:52","slug":"agenda","status":"publish","type":"page","link":"https:\/\/mogt.be\/nl\/agenda\/","title":{"rendered":"Agenda"},"content":{"rendered":"<p>[vc_row][vc_column]<div class=\"gt-event-listing\"><div class=\"gt-columns gt-column-2 gt-column-space-20\"><div class=\"gt-col\"><div class=\"gt-inner\"><div class=\"gt-event-style-3\" data-event-id=\"9684\"><div class=\"gt-image\"><a href=\"https:\/\/mogt.be\/nl\/event\/domaine-du-bois-darlon\/\"><img loading=\"lazy\" decoding=\"async\" width=\"952\" height=\"579\" src=\"https:\/\/mogt.be\/wp-content\/uploads\/2025\/01\/arlons-952x579.jpg\" class=\"attachment-eventchamp-event-list size-eventchamp-event-list wp-post-image\" alt=\"\" srcset=\"https:\/\/mogt.be\/wp-content\/uploads\/2025\/01\/arlons-952x579.jpg 952w, https:\/\/mogt.be\/wp-content\/uploads\/2025\/01\/arlons-130x80.jpg 130w\" sizes=\"auto, (max-width: 952px) 100vw, 952px\" \/><\/a><\/div><div class=\"gt-content\"><div class=\"gt-title\"><a href=\"https:\/\/mogt.be\/nl\/event\/domaine-du-bois-darlon\/\">Domaine du Bois d&#8217;Arlon<\/a><\/div><div class=\"gt-details\"><div class=\"gt-date gt-start-date\"><svg xmlns=\"http:\/\/www.w3.org\/2000\/svg\" viewBox=\"0 0 24 24\" fill=\"none\" stroke=\"currentColor\" stroke-width=\"2\" stroke-linecap=\"round\" stroke-linejoin=\"round\"><rect x=\"3\" y=\"4\" width=\"18\" height=\"18\" rx=\"2\" ry=\"2\"><\/rect><line x1=\"16\" y1=\"2\" x2=\"16\" y2=\"6\"><\/line><line x1=\"8\" y1=\"2\" x2=\"8\" y2=\"6\"><\/line><line x1=\"3\" y1=\"10\" x2=\"21\" y2=\"10\"><\/line><\/svg><span>18 mei 2026<\/span><\/div><div class=\"gt-time gt-start-time\"><svg xmlns=\"http:\/\/www.w3.org\/2000\/svg\" viewBox=\"0 0 24 24\" fill=\"none\" stroke=\"currentColor\" stroke-width=\"2\" stroke-linecap=\"round\" stroke-linejoin=\"round\"><circle cx=\"12\" cy=\"12\" r=\"10\"><\/circle><polyline points=\"12 6 12 12 16 14\"><\/polyline><\/svg><span>11:00<\/span><\/div><\/div><div class=\"gt-text\">Een ruwe diamant voor sommigen, een goudklomp voor anderen, Golf du Bois d\u2019Arlon is nog maar net geopend en wordt nu al beschouwd als \u201cThe Place to Be-Golf\u201d, een unieke golfclub in Belgi\u00eb, waar passie en natuur samenkomen om een...<\/div><\/div><\/div><\/div><\/div><div class=\"gt-col\"><div class=\"gt-inner\"><div class=\"gt-event-style-3\" data-event-id=\"4223\"><div class=\"gt-image\"><a href=\"https:\/\/mogt.be\/nl\/event\/royal-waterloo-golf-club\/\"><img loading=\"lazy\" decoding=\"async\" width=\"952\" height=\"579\" src=\"https:\/\/mogt.be\/wp-content\/uploads\/2020\/01\/waterloo-952x579.jpg\" class=\"attachment-eventchamp-event-list size-eventchamp-event-list wp-post-image\" alt=\"\" srcset=\"https:\/\/mogt.be\/wp-content\/uploads\/2020\/01\/waterloo-952x579.jpg 952w, https:\/\/mogt.be\/wp-content\/uploads\/2020\/01\/waterloo-130x80.jpg 130w\" sizes=\"auto, (max-width: 952px) 100vw, 952px\" \/><\/a><\/div><div class=\"gt-content\"><div class=\"gt-title\"><a href=\"https:\/\/mogt.be\/nl\/event\/royal-waterloo-golf-club\/\">Royal Waterloo Golf Club<\/a><\/div><div class=\"gt-details\"><div class=\"gt-date gt-start-date\"><svg xmlns=\"http:\/\/www.w3.org\/2000\/svg\" viewBox=\"0 0 24 24\" fill=\"none\" stroke=\"currentColor\" stroke-width=\"2\" stroke-linecap=\"round\" stroke-linejoin=\"round\"><rect x=\"3\" y=\"4\" width=\"18\" height=\"18\" rx=\"2\" ry=\"2\"><\/rect><line x1=\"16\" y1=\"2\" x2=\"16\" y2=\"6\"><\/line><line x1=\"8\" y1=\"2\" x2=\"8\" y2=\"6\"><\/line><line x1=\"3\" y1=\"10\" x2=\"21\" y2=\"10\"><\/line><\/svg><span>1 juni 2026<\/span><\/div><div class=\"gt-time gt-start-time\"><svg xmlns=\"http:\/\/www.w3.org\/2000\/svg\" viewBox=\"0 0 24 24\" fill=\"none\" stroke=\"currentColor\" stroke-width=\"2\" stroke-linecap=\"round\" stroke-linejoin=\"round\"><circle cx=\"12\" cy=\"12\" r=\"10\"><\/circle><polyline points=\"12 6 12 12 16 14\"><\/polyline><\/svg><span>11:00<\/span><\/div><\/div><div class=\"gt-text\">De Royal Golf Club van Waterloo, in 1923 oorspronkelijk gebouwd op de gronden van de boerderij van Blaret in Sint-Genesius-Rode, verhuisde begin jaren zestig naar Ohain. Het spreekt voor zich dat Waterloo \u00e9\u00e9n van de absolute topclubs van Belgi\u00eb is....<\/div><\/div><\/div><\/div><\/div><div class=\"gt-col\"><div class=\"gt-inner\"><div class=\"gt-event-style-3\" data-event-id=\"9383\"><div class=\"gt-image\"><a href=\"https:\/\/mogt.be\/nl\/event\/royal-zoute-golf-club\/\"><img loading=\"lazy\" decoding=\"async\" width=\"952\" height=\"579\" src=\"https:\/\/mogt.be\/wp-content\/uploads\/2022\/12\/zoute-952x579.jpg\" class=\"attachment-eventchamp-event-list size-eventchamp-event-list wp-post-image\" alt=\"\" srcset=\"https:\/\/mogt.be\/wp-content\/uploads\/2022\/12\/zoute-952x579.jpg 952w, https:\/\/mogt.be\/wp-content\/uploads\/2022\/12\/zoute-130x80.jpg 130w\" sizes=\"auto, (max-width: 952px) 100vw, 952px\" \/><\/a><\/div><div class=\"gt-content\"><div class=\"gt-title\"><a href=\"https:\/\/mogt.be\/nl\/event\/royal-zoute-golf-club\/\">Royal Zoute Golf Club<\/a><\/div><div class=\"gt-details\"><div class=\"gt-date gt-start-date\"><svg xmlns=\"http:\/\/www.w3.org\/2000\/svg\" viewBox=\"0 0 24 24\" fill=\"none\" stroke=\"currentColor\" stroke-width=\"2\" stroke-linecap=\"round\" stroke-linejoin=\"round\"><rect x=\"3\" y=\"4\" width=\"18\" height=\"18\" rx=\"2\" ry=\"2\"><\/rect><line x1=\"16\" y1=\"2\" x2=\"16\" y2=\"6\"><\/line><line x1=\"8\" y1=\"2\" x2=\"8\" y2=\"6\"><\/line><line x1=\"3\" y1=\"10\" x2=\"21\" y2=\"10\"><\/line><\/svg><span>22 juni 2026<\/span><\/div><div class=\"gt-time gt-start-time\"><svg xmlns=\"http:\/\/www.w3.org\/2000\/svg\" viewBox=\"0 0 24 24\" fill=\"none\" stroke=\"currentColor\" stroke-width=\"2\" stroke-linecap=\"round\" stroke-linejoin=\"round\"><circle cx=\"12\" cy=\"12\" r=\"10\"><\/circle><polyline points=\"12 6 12 12 16 14\"><\/polyline><\/svg><span>11:00<\/span><\/div><\/div><div class=\"gt-text\">\u201cDit is de perfecte baan voor de Ryder Cup.\u201d Zo omschreef de legendarische golfer Severiano Ballesteros de Knokse baan die door menigeen als onvoorwaardelijke Belgische nummer \u00e9\u00e9n aangeduid wordt. Een aureool dat Royal Zoute Golf Club probleemloos kan waarmaken. Daar...<\/div><\/div><\/div><\/div><\/div><div class=\"gt-col\"><div class=\"gt-inner\"><div class=\"gt-event-style-3\" data-event-id=\"9368\"><div class=\"gt-image\"><a href=\"https:\/\/mogt.be\/nl\/event\/rinkven-international-golf-club\/\"><img loading=\"lazy\" decoding=\"async\" width=\"952\" height=\"579\" src=\"https:\/\/mogt.be\/wp-content\/uploads\/2022\/12\/rinkven-952x579.jpg\" class=\"attachment-eventchamp-event-list size-eventchamp-event-list wp-post-image\" alt=\"\" srcset=\"https:\/\/mogt.be\/wp-content\/uploads\/2022\/12\/rinkven-952x579.jpg 952w, https:\/\/mogt.be\/wp-content\/uploads\/2022\/12\/rinkven-130x80.jpg 130w\" sizes=\"auto, (max-width: 952px) 100vw, 952px\" \/><\/a><\/div><div class=\"gt-content\"><div class=\"gt-title\"><a href=\"https:\/\/mogt.be\/nl\/event\/rinkven-international-golf-club\/\">Rinkven International Golf Club<\/a><\/div><div class=\"gt-details\"><div class=\"gt-date gt-start-date\"><svg xmlns=\"http:\/\/www.w3.org\/2000\/svg\" viewBox=\"0 0 24 24\" fill=\"none\" stroke=\"currentColor\" stroke-width=\"2\" stroke-linecap=\"round\" stroke-linejoin=\"round\"><rect x=\"3\" y=\"4\" width=\"18\" height=\"18\" rx=\"2\" ry=\"2\"><\/rect><line x1=\"16\" y1=\"2\" x2=\"16\" y2=\"6\"><\/line><line x1=\"8\" y1=\"2\" x2=\"8\" y2=\"6\"><\/line><line x1=\"3\" y1=\"10\" x2=\"21\" y2=\"10\"><\/line><\/svg><span>24 augustus 2026<\/span><\/div><div class=\"gt-time gt-start-time\"><svg xmlns=\"http:\/\/www.w3.org\/2000\/svg\" viewBox=\"0 0 24 24\" fill=\"none\" stroke=\"currentColor\" stroke-width=\"2\" stroke-linecap=\"round\" stroke-linejoin=\"round\"><circle cx=\"12\" cy=\"12\" r=\"10\"><\/circle><polyline points=\"12 6 12 12 16 14\"><\/polyline><\/svg><span>11:00<\/span><\/div><\/div><div class=\"gt-text\">Hoewel Rinkven een relatief jonge club is (1981), biedt men toch twee volwaardige top-golfbanen aan die zich situeren in een omgeving, bekend voor haar rust en ongerepte natuurlijke schoonheid. Beide banen werden oorspronkelijk ontworpen door architect Paul Rolin; echter in...<\/div><\/div><\/div><\/div><\/div><div class=\"gt-col\"><div class=\"gt-inner\"><div class=\"gt-event-style-3\" data-event-id=\"8953\"><div class=\"gt-image\"><a href=\"https:\/\/mogt.be\/nl\/event\/royal-golf-club-du-sart-tilman\/\"><img loading=\"lazy\" decoding=\"async\" width=\"952\" height=\"579\" src=\"https:\/\/mogt.be\/wp-content\/uploads\/2021\/01\/tilmansmall-952x579.jpg\" class=\"attachment-eventchamp-event-list size-eventchamp-event-list wp-post-image\" alt=\"\" srcset=\"https:\/\/mogt.be\/wp-content\/uploads\/2021\/01\/tilmansmall-952x579.jpg 952w, https:\/\/mogt.be\/wp-content\/uploads\/2021\/01\/tilmansmall-130x80.jpg 130w\" sizes=\"auto, (max-width: 952px) 100vw, 952px\" \/><\/a><\/div><div class=\"gt-content\"><div class=\"gt-title\"><a href=\"https:\/\/mogt.be\/nl\/event\/royal-golf-club-du-sart-tilman\/\">Royal Golf Club du Sart-Tilman<\/a><\/div><div class=\"gt-details\"><div class=\"gt-date gt-start-date\"><svg xmlns=\"http:\/\/www.w3.org\/2000\/svg\" viewBox=\"0 0 24 24\" fill=\"none\" stroke=\"currentColor\" stroke-width=\"2\" stroke-linecap=\"round\" stroke-linejoin=\"round\"><rect x=\"3\" y=\"4\" width=\"18\" height=\"18\" rx=\"2\" ry=\"2\"><\/rect><line x1=\"16\" y1=\"2\" x2=\"16\" y2=\"6\"><\/line><line x1=\"8\" y1=\"2\" x2=\"8\" y2=\"6\"><\/line><line x1=\"3\" y1=\"10\" x2=\"21\" y2=\"10\"><\/line><\/svg><span>7 september 2026<\/span><\/div><div class=\"gt-time gt-start-time\"><svg xmlns=\"http:\/\/www.w3.org\/2000\/svg\" viewBox=\"0 0 24 24\" fill=\"none\" stroke=\"currentColor\" stroke-width=\"2\" stroke-linecap=\"round\" stroke-linejoin=\"round\"><circle cx=\"12\" cy=\"12\" r=\"10\"><\/circle><polyline points=\"12 6 12 12 16 14\"><\/polyline><\/svg><span>11:00<\/span><\/div><\/div><div class=\"gt-text\">Wat de Royal Golf Club du Sart-Tilman zo aantrekkelijk maakt? Het lijstje antwoorden op deze retorische vraag is ellenlang, al zal het ont-haal \u201c\u00e0 la Li\u00e9geoise\u201d ongetwijfeld helemaal bovenaan postvatten. En uiteraard ook het prachtige, vlak voor WOII in 1939...<\/div><\/div><\/div><\/div><\/div><\/div><\/div>[\/vc_column][\/vc_row]<\/p>\n","protected":false},"excerpt":{"rendered":"<p>[vc_row][vc_column][\/vc_column][\/vc_row]<\/p>\n","protected":false},"author":2,"featured_media":0,"parent":0,"menu_order":0,"comment_status":"closed","ping_status":"closed","template":"","meta":{"_exactmetrics_skip_tracking":false,"_exactmetrics_sitenote_active":false,"_exactmetrics_sitenote_note":"","_exactmetrics_sitenote_category":0,"footnotes":""},"class_list":["post-2180","page","type-page","status-publish","hentry"],"yoast_head":"<!-- This site is optimized with the Yoast SEO plugin v27.3 - https:\/\/yoast.com\/product\/yoast-seo-wordpress\/ -->\n<title>Agenda - Members Only Golf Tour<\/title>\n<meta name=\"description\" content=\"De wedstrijd, vriendelijk, exclusief en toegewijd aan netwerken, vindt plaats in 3 onafhankelijke rondes, in 3 prestigieuze clubs.\" \/>\n<meta name=\"robots\" content=\"index, follow, max-snippet:-1, max-image-preview:large, max-video-preview:-1\" \/>\n<link rel=\"canonical\" href=\"https:\/\/mogt.be\/nl\/agenda\/\" \/>\n<meta property=\"og:locale\" content=\"nl_NL\" \/>\n<meta property=\"og:type\" content=\"article\" \/>\n<meta property=\"og:title\" content=\"Agenda - Members Only Golf Tour\" \/>\n<meta property=\"og:description\" content=\"De wedstrijd, vriendelijk, exclusief en toegewijd aan netwerken, vindt plaats in 3 onafhankelijke rondes, in 3 prestigieuze clubs.\" \/>\n<meta property=\"og:url\" content=\"https:\/\/mogt.be\/nl\/agenda\/\" \/>\n<meta property=\"og:site_name\" content=\"Members Only Golf Tour\" \/>\n<meta property=\"article:modified_time\" content=\"2022-12-20T12:04:52+00:00\" \/>\n<meta name=\"twitter:card\" content=\"summary_large_image\" \/>\n<meta name=\"twitter:label1\" content=\"Geschatte leestijd\" \/>\n\t<meta name=\"twitter:data1\" content=\"1 minuut\" \/>\n<script type=\"application\/ld+json\" class=\"yoast-schema-graph\">{\"@context\":\"https:\\\/\\\/schema.org\",\"@graph\":[{\"@type\":\"WebPage\",\"@id\":\"https:\\\/\\\/mogt.be\\\/nl\\\/agenda\\\/\",\"url\":\"https:\\\/\\\/mogt.be\\\/nl\\\/agenda\\\/\",\"name\":\"Agenda - Members Only Golf Tour\",\"isPartOf\":{\"@id\":\"https:\\\/\\\/mogt.be\\\/#website\"},\"datePublished\":\"2019-04-23T19:43:10+00:00\",\"dateModified\":\"2022-12-20T12:04:52+00:00\",\"description\":\"De wedstrijd, vriendelijk, exclusief en toegewijd aan netwerken, vindt plaats in 3 onafhankelijke rondes, in 3 prestigieuze clubs.\",\"breadcrumb\":{\"@id\":\"https:\\\/\\\/mogt.be\\\/nl\\\/agenda\\\/#breadcrumb\"},\"inLanguage\":\"nl-NL\",\"potentialAction\":[{\"@type\":\"ReadAction\",\"target\":[\"https:\\\/\\\/mogt.be\\\/nl\\\/agenda\\\/\"]}]},{\"@type\":\"BreadcrumbList\",\"@id\":\"https:\\\/\\\/mogt.be\\\/nl\\\/agenda\\\/#breadcrumb\",\"itemListElement\":[{\"@type\":\"ListItem\",\"position\":1,\"name\":\"Accueil\",\"item\":\"https:\\\/\\\/mogt.be\\\/nl\\\/\"},{\"@type\":\"ListItem\",\"position\":2,\"name\":\"Agenda\"}]},{\"@type\":\"WebSite\",\"@id\":\"https:\\\/\\\/mogt.be\\\/#website\",\"url\":\"https:\\\/\\\/mogt.be\\\/\",\"name\":\"Members Only Golf Tour\",\"description\":\"Private Golf Competition\",\"potentialAction\":[{\"@type\":\"SearchAction\",\"target\":{\"@type\":\"EntryPoint\",\"urlTemplate\":\"https:\\\/\\\/mogt.be\\\/?s={search_term_string}\"},\"query-input\":{\"@type\":\"PropertyValueSpecification\",\"valueRequired\":true,\"valueName\":\"search_term_string\"}}],\"inLanguage\":\"nl-NL\"}]}<\/script>\n<!-- \/ Yoast SEO plugin. -->","yoast_head_json":{"title":"Agenda - Members Only Golf Tour","description":"De wedstrijd, vriendelijk, exclusief en toegewijd aan netwerken, vindt plaats in 3 onafhankelijke rondes, in 3 prestigieuze clubs.","robots":{"index":"index","follow":"follow","max-snippet":"max-snippet:-1","max-image-preview":"max-image-preview:large","max-video-preview":"max-video-preview:-1"},"canonical":"https:\/\/mogt.be\/nl\/agenda\/","og_locale":"nl_NL","og_type":"article","og_title":"Agenda - Members Only Golf Tour","og_description":"De wedstrijd, vriendelijk, exclusief en toegewijd aan netwerken, vindt plaats in 3 onafhankelijke rondes, in 3 prestigieuze clubs.","og_url":"https:\/\/mogt.be\/nl\/agenda\/","og_site_name":"Members Only Golf Tour","article_modified_time":"2022-12-20T12:04:52+00:00","twitter_card":"summary_large_image","twitter_misc":{"Geschatte leestijd":"1 minuut"},"schema":{"@context":"https:\/\/schema.org","@graph":[{"@type":"WebPage","@id":"https:\/\/mogt.be\/nl\/agenda\/","url":"https:\/\/mogt.be\/nl\/agenda\/","name":"Agenda - Members Only Golf Tour","isPartOf":{"@id":"https:\/\/mogt.be\/#website"},"datePublished":"2019-04-23T19:43:10+00:00","dateModified":"2022-12-20T12:04:52+00:00","description":"De wedstrijd, vriendelijk, exclusief en toegewijd aan netwerken, vindt plaats in 3 onafhankelijke rondes, in 3 prestigieuze clubs.","breadcrumb":{"@id":"https:\/\/mogt.be\/nl\/agenda\/#breadcrumb"},"inLanguage":"nl-NL","potentialAction":[{"@type":"ReadAction","target":["https:\/\/mogt.be\/nl\/agenda\/"]}]},{"@type":"BreadcrumbList","@id":"https:\/\/mogt.be\/nl\/agenda\/#breadcrumb","itemListElement":[{"@type":"ListItem","position":1,"name":"Accueil","item":"https:\/\/mogt.be\/nl\/"},{"@type":"ListItem","position":2,"name":"Agenda"}]},{"@type":"WebSite","@id":"https:\/\/mogt.be\/#website","url":"https:\/\/mogt.be\/","name":"Members Only Golf Tour","description":"Private Golf Competition","potentialAction":[{"@type":"SearchAction","target":{"@type":"EntryPoint","urlTemplate":"https:\/\/mogt.be\/?s={search_term_string}"},"query-input":{"@type":"PropertyValueSpecification","valueRequired":true,"valueName":"search_term_string"}}],"inLanguage":"nl-NL"}]}},"_links":{"self":[{"href":"https:\/\/mogt.be\/nl\/wp-json\/wp\/v2\/pages\/2180","targetHints":{"allow":["GET"]}}],"collection":[{"href":"https:\/\/mogt.be\/nl\/wp-json\/wp\/v2\/pages"}],"about":[{"href":"https:\/\/mogt.be\/nl\/wp-json\/wp\/v2\/types\/page"}],"author":[{"embeddable":true,"href":"https:\/\/mogt.be\/nl\/wp-json\/wp\/v2\/users\/2"}],"replies":[{"embeddable":true,"href":"https:\/\/mogt.be\/nl\/wp-json\/wp\/v2\/comments?post=2180"}],"version-history":[{"count":5,"href":"https:\/\/mogt.be\/nl\/wp-json\/wp\/v2\/pages\/2180\/revisions"}],"predecessor-version":[{"id":9497,"href":"https:\/\/mogt.be\/nl\/wp-json\/wp\/v2\/pages\/2180\/revisions\/9497"}],"wp:attachment":[{"href":"https:\/\/mogt.be\/nl\/wp-json\/wp\/v2\/media?parent=2180"}],"curies":[{"name":"wp","href":"https:\/\/api.w.org\/{rel}","templated":true}]}}